{"id":14745,"date":"2016-09-20T11:00:24","date_gmt":"2016-09-20T11:00:24","guid":{"rendered":"http:\/\/www.thunder-hockey.com\/?page_id=14745"},"modified":"2016-09-20T11:02:47","modified_gmt":"2016-09-20T11:02:47","slug":"aviso-legal","status":"publish","type":"page","link":"https:\/\/www.thunder-hockey.com\/en\/aviso-legal\/","title":{"rendered":"Aviso Legal"},"content":{"rendered":"<p>THUNDER-HOCKEY\u00a0garantiza la absoluta confidencialidad de los datos personales de los usuarios. Los datos proporcionados son incorporados a una base de datos gestionada bajo la exclusiva responsabilidad deTHUNDER-HOCKEY, creada para sus inscripciones y\/o pedidos, as\u00ed como para informar a sus usuarios sobre los pedidos, productos y servicios deTHUNDER-HOCKEY.<\/p>\n<p>En cumplimiento de lo dispuesto en la Ley Org\u00e1nica 15\/1999, de 13 de diciembre, de Protecci\u00f3n de Datos de Car\u00e1cter Personal, el usuario podr\u00e1 en todo momento ejercitar los derechos que la ley le confiere relativos al acceso, rectificaci\u00f3n, cancelaci\u00f3n y oposici\u00f3n a la cesi\u00f3n de sus datos al fichero de propiedad exclusiva deTHUNDER-HOCKEY.<\/p>\n<p>Si tiene cualquier consulta o desea rectificar, cancelar o incluir sus datos en el fichero, por favor, p\u00f3ngase en contacto con nosotros en la direcci\u00f3n <a href=\"mailto:info@thunder-hockey.com\">info@thunder-hockey.com<\/a><\/p>\n","protected":false},"excerpt":{"rendered":"<p>THUNDER-HOCKEY\u00a0garantiza la absoluta confidencialidad de los datos personales de los usuarios. Los datos proporcionados son incorporados a una base de<\/p>\n","protected":false},"author":1,"featured_media":0,"parent":0,"menu_order":0,"comment_status":"closed","ping_status":"closed","template":"","meta":{"footnotes":""},"class_list":["post-14745","page","type-page","status-publish","hentry"],"_links":{"self":[{"href":"https:\/\/www.thunder-hockey.com\/en\/wp-json\/wp\/v2\/pages\/14745","targetHints":{"allow":["GET"]}}],"collection":[{"href":"https:\/\/www.thunder-hockey.com\/en\/wp-json\/wp\/v2\/pages"}],"about":[{"href":"https:\/\/www.thunder-hockey.com\/en\/wp-json\/wp\/v2\/types\/page"}],"author":[{"embeddable":true,"href":"https:\/\/www.thunder-hockey.com\/en\/wp-json\/wp\/v2\/users\/1"}],"replies":[{"embeddable":true,"href":"https:\/\/www.thunder-hockey.com\/en\/wp-json\/wp\/v2\/comments?post=14745"}],"version-history":[{"count":0,"href":"https:\/\/www.thunder-hockey.com\/en\/wp-json\/wp\/v2\/pages\/14745\/revisions"}],"wp:attachment":[{"href":"https:\/\/www.thunder-hockey.com\/en\/wp-json\/wp\/v2\/media?parent=14745"}],"curies":[{"name":"wp","href":"https:\/\/api.w.org\/{rel}","templated":true}]}}