{"id":25921,"date":"2018-04-26T16:09:14","date_gmt":"2018-04-26T16:09:14","guid":{"rendered":"https:\/\/www.thunder-hockey.com\/product\/camiseta-tecnica-bicolor-th\/"},"modified":"2018-06-28T17:02:19","modified_gmt":"2018-06-28T17:02:19","slug":"camiseta-tecnica-bicolor-th","status":"publish","type":"product","link":"https:\/\/www.thunder-hockey.com\/en\/product\/camiseta-tecnica-bicolor-th\/","title":{"rendered":"Camiseta T\u00e9cnica Bicolor TH"},"content":{"rendered":"<p><img decoding=\"async\" class=\"aligncenter size-full wp-image-25358\" src=\"https:\/\/www.thunder-hockey.com\/wp-content\/uploads\/2018\/04\/TECNICA-2-COLORES.png\" alt=\"\" width=\"728\" height=\"170\" srcset=\"https:\/\/www.thunder-hockey.com\/wp-content\/uploads\/2018\/04\/TECNICA-2-COLORES-500x117.png 500w, https:\/\/www.thunder-hockey.com\/wp-content\/uploads\/2018\/04\/TECNICA-2-COLORES-700x163.png 700w, https:\/\/www.thunder-hockey.com\/wp-content\/uploads\/2018\/04\/TECNICA-2-COLORES.png 728w\" sizes=\"(max-width: 728px) 100vw, 728px\" \/><\/p>\n","protected":false},"excerpt":{"rendered":"<p>Camiseta de algod\u00f3n, ideal como complemento para la practica del deporte o para el d\u00eda a d\u00eda.<\/p>\n<p><strong><em>Material:<\/em><\/strong> Exterior 100% impermeable Nylon<\/p>\n<p><strong><em>Sexo:<\/em><\/strong>\u00a0Unisex<\/p>\n","protected":false},"featured_media":22887,"comment_status":"closed","ping_status":"closed","template":"","meta":[],"product_brand":[],"product_cat":[366,365],"product_tag":[],"class_list":{"0":"post-25921","1":"product","2":"type-product","3":"status-publish","4":"has-post-thumbnail","6":"product_cat-clothes","7":"product_cat-t-shirts","9":"first","10":"instock","11":"purchasable","12":"product-type-variable"},"_links":{"self":[{"href":"https:\/\/www.thunder-hockey.com\/en\/wp-json\/wp\/v2\/product\/25921","targetHints":{"allow":["GET"]}}],"collection":[{"href":"https:\/\/www.thunder-hockey.com\/en\/wp-json\/wp\/v2\/product"}],"about":[{"href":"https:\/\/www.thunder-hockey.com\/en\/wp-json\/wp\/v2\/types\/product"}],"replies":[{"embeddable":true,"href":"https:\/\/www.thunder-hockey.com\/en\/wp-json\/wp\/v2\/comments?post=25921"}],"wp:featuredmedia":[{"embeddable":true,"href":"https:\/\/www.thunder-hockey.com\/en\/wp-json\/wp\/v2\/media\/22887"}],"wp:attachment":[{"href":"https:\/\/www.thunder-hockey.com\/en\/wp-json\/wp\/v2\/media?parent=25921"}],"wp:term":[{"taxonomy":"product_brand","embeddable":true,"href":"https:\/\/www.thunder-hockey.com\/en\/wp-json\/wp\/v2\/product_brand?post=25921"},{"taxonomy":"product_cat","embeddable":true,"href":"https:\/\/www.thunder-hockey.com\/en\/wp-json\/wp\/v2\/product_cat?post=25921"},{"taxonomy":"product_tag","embeddable":true,"href":"https:\/\/www.thunder-hockey.com\/en\/wp-json\/wp\/v2\/product_tag?post=25921"}],"curies":[{"name":"wp","href":"https:\/\/api.w.org\/{rel}","templated":true}]}}