{"id":26157,"date":"2018-04-05T15:41:34","date_gmt":"2018-04-05T15:41:34","guid":{"rendered":"https:\/\/www.thunder-hockey.com\/product\/camiseta-tecnica\/"},"modified":"2022-06-14T10:15:06","modified_gmt":"2022-06-14T10:15:06","slug":"camiseta-tecnica","status":"publish","type":"product","link":"https:\/\/www.thunder-hockey.com\/en\/product\/camiseta-tecnica\/","title":{"rendered":"Camiseta T\u00e9cnica"},"content":{"rendered":"<p><img decoding=\"async\" class=\"aligncenter size-full wp-image-25357\" src=\"https:\/\/www.thunder-hockey.com\/wp-content\/uploads\/2018\/04\/TECNICA-1-COLOR.png\" alt=\"\" width=\"733\" height=\"174\" srcset=\"https:\/\/www.thunder-hockey.com\/wp-content\/uploads\/2018\/04\/TECNICA-1-COLOR-500x119.png 500w, https:\/\/www.thunder-hockey.com\/wp-content\/uploads\/2018\/04\/TECNICA-1-COLOR-700x166.png 700w, https:\/\/www.thunder-hockey.com\/wp-content\/uploads\/2018\/04\/TECNICA-1-COLOR.png 733w\" sizes=\"(max-width: 733px) 100vw, 733px\" \/><\/p>\n","protected":false},"excerpt":{"rendered":"<p>Camiseta de algod\u00f3n, ideal como complemento para la practica del deporte o para el d\u00eda a d\u00eda.<\/p>\n<p><strong><em>Material:<\/em><\/strong> Exterior 100% impermeable Nylon<\/p>\n<p><strong><em>Sexo:<\/em><\/strong>\u00a0Unisex<\/p>\n","protected":false},"featured_media":23000,"comment_status":"open","ping_status":"closed","template":"","meta":[],"product_brand":[],"product_cat":[366,365],"product_tag":[],"class_list":{"0":"post-26157","1":"product","2":"type-product","3":"status-publish","4":"has-post-thumbnail","6":"product_cat-clothes","7":"product_cat-t-shirts","9":"first","10":"instock","11":"purchasable","12":"product-type-variable"},"_links":{"self":[{"href":"https:\/\/www.thunder-hockey.com\/en\/wp-json\/wp\/v2\/product\/26157","targetHints":{"allow":["GET"]}}],"collection":[{"href":"https:\/\/www.thunder-hockey.com\/en\/wp-json\/wp\/v2\/product"}],"about":[{"href":"https:\/\/www.thunder-hockey.com\/en\/wp-json\/wp\/v2\/types\/product"}],"replies":[{"embeddable":true,"href":"https:\/\/www.thunder-hockey.com\/en\/wp-json\/wp\/v2\/comments?post=26157"}],"wp:featuredmedia":[{"embeddable":true,"href":"https:\/\/www.thunder-hockey.com\/en\/wp-json\/wp\/v2\/media\/23000"}],"wp:attachment":[{"href":"https:\/\/www.thunder-hockey.com\/en\/wp-json\/wp\/v2\/media?parent=26157"}],"wp:term":[{"taxonomy":"product_brand","embeddable":true,"href":"https:\/\/www.thunder-hockey.com\/en\/wp-json\/wp\/v2\/product_brand?post=26157"},{"taxonomy":"product_cat","embeddable":true,"href":"https:\/\/www.thunder-hockey.com\/en\/wp-json\/wp\/v2\/product_cat?post=26157"},{"taxonomy":"product_tag","embeddable":true,"href":"https:\/\/www.thunder-hockey.com\/en\/wp-json\/wp\/v2\/product_tag?post=26157"}],"curies":[{"name":"wp","href":"https:\/\/api.w.org\/{rel}","templated":true}]}}